{"id":9,"date":"2019-08-13T12:15:47","date_gmt":"2019-08-13T10:15:47","guid":{"rendered":"https:\/\/127.0.0.1:8080\/photo-studio\/?page_id=5"},"modified":"2025-05-16T17:55:18","modified_gmt":"2025-05-16T17:55:18","slug":"home","status":"publish","type":"page","link":"https:\/\/thorager.dk\/","title":{"rendered":"Thorager Camping"},"content":{"rendered":"\n<p>Thorager Camping er en dejlig rolig naturplads uden generende larm. Campingpladsen ligger i natursk\u00f8nne omr\u00e5der.<br>6 &#8211; 7 km. til Vesterhavet og 20 km. til S\u00f8ndervig.<\/p>\n\n\n\n<figure class=\"wp-block-image alignleft size-large is-resized\"><img loading=\"lazy\" decoding=\"async\" width=\"1024\" height=\"768\" src=\"https:\/\/thorager.dk\/wp-content\/uploads\/2021\/03\/image00009-scaled-1-1024x768.jpeg\" alt=\"\" class=\"wp-image-341\" style=\"width:153px;height:auto\" srcset=\"https:\/\/thorager.dk\/wp-content\/uploads\/2021\/03\/image00009-scaled-1-1024x768.jpeg 1024w, https:\/\/thorager.dk\/wp-content\/uploads\/2021\/03\/image00009-scaled-1-300x225.jpeg 300w, https:\/\/thorager.dk\/wp-content\/uploads\/2021\/03\/image00009-scaled-1-768x576.jpeg 768w, https:\/\/thorager.dk\/wp-content\/uploads\/2021\/03\/image00009-scaled-1-1536x1152.jpeg 1536w, https:\/\/thorager.dk\/wp-content\/uploads\/2021\/03\/image00009-scaled-1-2048x1536.jpeg 2048w\" sizes=\"auto, (max-width: 1024px) 100vw, 1024px\" \/><\/figure>\n\n\n\n<p>Thorager Camping is a lovely quiet nature site without annoying noise. Located in scenic areas. 4 &#8211; 5 miles&nbsp;to the North Sea and 12 miles&nbsp;to S\u00f8ndervig.<\/p>\n\n\n\n<p>Thorager Camping ist ein sch\u00f6ner ruhiger Naturort ohne st\u00f6renden L\u00e4rm. Der Campingplatz liegt in malerischen Gegenden. 6 &#8211; 7 km. bis zur Nordsee und 20 km. nach S\u00f8ndervig.<\/p>\n\n\n\n<figure class=\"wp-block-video\"><video height=\"1080\" style=\"aspect-ratio: 1920 \/ 1080;\" width=\"1920\" controls src=\"https:\/\/thorager.dk\/wp-content\/uploads\/2025\/05\/Thorager-Camping.mov\"><\/video><\/figure>\n\n\n\n<p><br><\/p>\n","protected":false},"excerpt":{"rendered":"<p>Thorager Camping er en dejlig rolig naturplads uden generende larm. Campingpladsen ligger i natursk\u00f8nne omr\u00e5der.6 &#8211; 7 km. til Vesterhavet og 20 km. til S\u00f8ndervig. Thorager Camping is a lovely quiet nature site without annoying noise. Located in scenic areas. &hellip;<\/p>\n<p class=\"read-more\"> <a class=\"more-link\" href=\"https:\/\/thorager.dk\/\"> <span class=\"screen-reader-text\">Thorager Camping<\/span> Read More &raquo;<\/a><\/p>\n","protected":false},"author":1,"featured_media":0,"parent":0,"menu_order":0,"comment_status":"closed","ping_status":"closed","template":"","meta":{"ngg_post_thumbnail":0,"footnotes":""},"class_list":["post-9","page","type-page","status-publish","hentry"],"_links":{"self":[{"href":"https:\/\/thorager.dk\/index.php?rest_route=\/wp\/v2\/pages\/9","targetHints":{"allow":["GET"]}}],"collection":[{"href":"https:\/\/thorager.dk\/index.php?rest_route=\/wp\/v2\/pages"}],"about":[{"href":"https:\/\/thorager.dk\/index.php?rest_route=\/wp\/v2\/types\/page"}],"author":[{"embeddable":true,"href":"https:\/\/thorager.dk\/index.php?rest_route=\/wp\/v2\/users\/1"}],"replies":[{"embeddable":true,"href":"https:\/\/thorager.dk\/index.php?rest_route=%2Fwp%2Fv2%2Fcomments&post=9"}],"version-history":[{"count":3,"href":"https:\/\/thorager.dk\/index.php?rest_route=\/wp\/v2\/pages\/9\/revisions"}],"predecessor-version":[{"id":924,"href":"https:\/\/thorager.dk\/index.php?rest_route=\/wp\/v2\/pages\/9\/revisions\/924"}],"wp:attachment":[{"href":"https:\/\/thorager.dk\/index.php?rest_route=%2Fwp%2Fv2%2Fmedia&parent=9"}],"curies":[{"name":"wp","href":"https:\/\/api.w.org\/{rel}","templated":true}]}}